{"id":9,"date":"2020-01-26T18:22:36","date_gmt":"2020-01-26T18:22:36","guid":{"rendered":"http:\/\/home.fewo-reither.de\/?page_id=9"},"modified":"2020-07-10T19:01:16","modified_gmt":"2020-07-10T19:01:16","slug":"anfahrt","status":"publish","type":"page","link":"https:\/\/fewo-reither.de\/?page_id=9","title":{"rendered":"Anfahrt"},"content":{"rendered":"\n<h2 class=\"wp-block-heading\">Ferienwohnung Schlo\u00dfstra\u00dfe<\/h2>\n\n\n\n<p>Berthold &amp; Erika Reither<br>Schlo\u00dfstr. 18<br>76889 Pleisweiler-Oberhofen<\/p>\n\n\n\n<figure><iframe loading=\"lazy\" src=\"https:\/\/www.google.com\/maps\/embed?pb=!1m18!1m12!1m3!1d1305.7771715685883!2d7.998683417331475!3d49.11410625070916!2m3!1f0!2f0!3f0!3m2!1i1024!2i768!4f13.1!3m3!1m2!1s0x479658f17b73966b%3A0x96a79573bdfe9638!2sSchlossstra%C3%9Fe%2018%2C%2076889%20Pleisweiler-Oberhofen!5e0!3m2!1sde!2sde!4v1594407455067!5m2!1sde!2sde\" width=\"600\" height=\"450\" allowfullscreen=\"\"><\/iframe><\/figure>\n\n\n\n<h2 class=\"wp-block-heading\">Anreise aus Richtung Karlsruhe<\/h2>\n\n\n\n<p>Bei Ihrer Anreise auf der A65 aus Richtung Karlsruhe fahren Sie bis zur Ausfahrt &#8222;Kandel-Nord&#8220; und folgen von dort den Verkehrsschildern bis Bad Bergzabern. Ab Bad Bergzabern folgen Sie der Weinstra\u00dfe bis Sie in Pleisweiler-Oberhofen links in die Schlo\u00dfstra\u00dfe abbiegen.<\/p>\n\n\n\n<h2 class=\"wp-block-heading\">Anreise aus Richtung Mannheim<\/h2>\n\n\n\n<p>Bei Ihrer Anreise auf der A65 aus Richtung Mannheim nehmen Sie die Ausfahrt &#8222;Landau-S\u00fcd&#8220; und folgen der B38 in Richtung Bad Bergzabern. Ab Bad Bergzabern folgen Sie der Weinstra\u00dfe bis Sie in Pleisweiler-Oberhofen links in die Schlo\u00dfstra\u00dfe abbiegen.<\/p>\n","protected":false},"excerpt":{"rendered":"<p>Ferienwohnung Schlo\u00dfstra\u00dfe Berthold &amp; Erika ReitherSchlo\u00dfstr. 1876889 Pleisweiler-Oberhofen Anreise aus Richtung Karlsruhe Bei Ihrer Anreise auf der A65 aus Richtung Karlsruhe fahren Sie bis zur Ausfahrt &#8222;Kandel-Nord&#8220; und folgen von dort den Verkehrsschildern bis Bad Bergzabern. Ab Bad Bergzabern folgen Sie der Weinstra\u00dfe bis Sie in Pleisweiler-Oberhofen links in die Schlo\u00dfstra\u00dfe abbiegen. Anreise aus Richtung &hellip; <\/p>\n<p class=\"link-more\"><a href=\"https:\/\/fewo-reither.de\/?page_id=9\" class=\"more-link\"><span class=\"screen-reader-text\">\u201eAnfahrt\u201c<\/span> weiterlesen<\/a><\/p>\n","protected":false},"author":1,"featured_media":0,"parent":0,"menu_order":0,"comment_status":"closed","ping_status":"closed","template":"","meta":[],"_links":{"self":[{"href":"https:\/\/fewo-reither.de\/index.php?rest_route=\/wp\/v2\/pages\/9"}],"collection":[{"href":"https:\/\/fewo-reither.de\/index.php?rest_route=\/wp\/v2\/pages"}],"about":[{"href":"https:\/\/fewo-reither.de\/index.php?rest_route=\/wp\/v2\/types\/page"}],"author":[{"embeddable":true,"href":"https:\/\/fewo-reither.de\/index.php?rest_route=\/wp\/v2\/users\/1"}],"replies":[{"embeddable":true,"href":"https:\/\/fewo-reither.de\/index.php?rest_route=%2Fwp%2Fv2%2Fcomments&post=9"}],"version-history":[{"count":8,"href":"https:\/\/fewo-reither.de\/index.php?rest_route=\/wp\/v2\/pages\/9\/revisions"}],"predecessor-version":[{"id":320,"href":"https:\/\/fewo-reither.de\/index.php?rest_route=\/wp\/v2\/pages\/9\/revisions\/320"}],"wp:attachment":[{"href":"https:\/\/fewo-reither.de\/index.php?rest_route=%2Fwp%2Fv2%2Fmedia&parent=9"}],"curies":[{"name":"wp","href":"https:\/\/api.w.org\/{rel}","templated":true}]}}