{"id":49,"date":"2020-01-26T19:35:27","date_gmt":"2020-01-26T19:35:27","guid":{"rendered":"http:\/\/home.fewo-reither.de\/?page_id=49"},"modified":"2020-06-06T15:04:40","modified_gmt":"2020-06-06T15:04:40","slug":"impressum","status":"publish","type":"page","link":"https:\/\/fewo-reither.de\/?page_id=49","title":{"rendered":"Impressum"},"content":{"rendered":"\n<p>Ferienwohnung Schlo\u00dfstra\u00dfe<\/p>\n\n\n\n<p>Berthold &amp; Erika Reither<br>Schlo\u00dfstr. 18<br>76889 Pleisweiler-Oberbofen<\/p>\n\n\n\n<p>Telefon 063433761<br>E-Mail-Adresse: kontakt@fewo-reither.de<\/p>\n\n\n\n<p>E-Mail: <a href=\"mailto:kontakt@fewo-reither.de\">kontakt@fewo-reither.de<\/a><\/p>\n","protected":false},"excerpt":{"rendered":"<p>Ferienwohnung Schlo\u00dfstra\u00dfe Berthold &amp; Erika ReitherSchlo\u00dfstr. 1876889 Pleisweiler-Oberbofen Telefon 063433761E-Mail-Adresse: kontakt@fewo-reither.de E-Mail: kontakt@fewo-reither.de<\/p>\n","protected":false},"author":1,"featured_media":0,"parent":0,"menu_order":0,"comment_status":"closed","ping_status":"closed","template":"","meta":[],"_links":{"self":[{"href":"https:\/\/fewo-reither.de\/index.php?rest_route=\/wp\/v2\/pages\/49"}],"collection":[{"href":"https:\/\/fewo-reither.de\/index.php?rest_route=\/wp\/v2\/pages"}],"about":[{"href":"https:\/\/fewo-reither.de\/index.php?rest_route=\/wp\/v2\/types\/page"}],"author":[{"embeddable":true,"href":"https:\/\/fewo-reither.de\/index.php?rest_route=\/wp\/v2\/users\/1"}],"replies":[{"embeddable":true,"href":"https:\/\/fewo-reither.de\/index.php?rest_route=%2Fwp%2Fv2%2Fcomments&post=49"}],"version-history":[{"count":3,"href":"https:\/\/fewo-reither.de\/index.php?rest_route=\/wp\/v2\/pages\/49\/revisions"}],"predecessor-version":[{"id":211,"href":"https:\/\/fewo-reither.de\/index.php?rest_route=\/wp\/v2\/pages\/49\/revisions\/211"}],"wp:attachment":[{"href":"https:\/\/fewo-reither.de\/index.php?rest_route=%2Fwp%2Fv2%2Fmedia&parent=49"}],"curies":[{"name":"wp","href":"https:\/\/api.w.org\/{rel}","templated":true}]}}